{"id":118,"date":"2018-04-11T14:06:19","date_gmt":"2018-04-11T17:06:19","guid":{"rendered":"http:\/\/rafaelrabelo1.hospedagemdesites.ws\/?page_id=118"},"modified":"2018-04-11T15:32:15","modified_gmt":"2018-04-11T18:32:15","slug":"introducao-a-gestao-de-riscos","status":"publish","type":"page","link":"https:\/\/rafael.rabelo.org\/?page_id=118","title":{"rendered":"Introdu\u00e7\u00e3o \u00e0 Gest\u00e3o de Riscos"},"content":{"rendered":"<p><strong>T\u00edtulo:<\/strong> Introdu\u00e7\u00e3o \u00e0 Gest\u00e3o de Riscos<\/p>\n<p><strong>Objetivo geral do curso<\/strong><\/p>\n<p>Uniformizar os conceitos b\u00e1sicos sobre Gest\u00e3o de Riscos, capacitando para aplicar o processo de avalia\u00e7\u00e3o de riscos de acordo com a s\u00e9rie de normas ISO 31.000.<\/p>\n<p><strong>Objetivos espec\u00edficos de aprendizagem<\/strong><\/p>\n<ul>\n<li>Entender os conceitos b\u00e1sicos de gest\u00e3o de risco e a sua rela\u00e7\u00e3o com governan\u00e7a e qualidade;<\/li>\n<li>Compreender a import\u00e2ncia da gest\u00e3o de risco e a necessidade de se gerenci\u00e1-lo devidamente;<\/li>\n<li>Conhecer o framework de gest\u00e3o de riscos de acordo com a NBR ISO 31.000;<\/li>\n<li>Planejar e aplicar um brainstorming como t\u00e9cnica de levantamento de riscos;<\/li>\n<li>Planejar e aplicar um diagrama de Ishikawa como t\u00e9cnica de levantamento de riscos;<\/li>\n<li>Utilizar a matriz de probabilidade e consequ\u00eancia na an\u00e1lise e avalia\u00e7\u00e3o de riscos;\u2022 Elaborar documento para tratamento de risco;<\/li>\n<\/ul>\n<p><strong>Metodologia<\/strong><\/p>\n<p>Aulas expositivas intercaladas com atividades pr\u00e1ticas onde se utiliza metodologias ativas de aprendizagem.<\/p>\n<p>Conte\u00fado program\u00e1tico<\/p>\n<ol>\n<li>Introdu\u00e7\u00e3o ao Risco\n<ul>\n<li>Risco e Qualidade<\/li>\n<li>Risco e Governan\u00e7a<\/li>\n<li>Risco e Controle Interno<\/li>\n<li>Hist\u00f3rico do Risco<\/li>\n<\/ul>\n<\/li>\n<li>NBR ISO 31.000\n<ul>\n<li>Princ\u00edpios<\/li>\n<li>Estrutura<\/li>\n<li>Processo de Avalia\u00e7\u00e3o de Riscos<\/li>\n<\/ul>\n<\/li>\n<li>T\u00e9cnicas para identifica\u00e7\u00e3o de riscos\n<ul>\n<li>Brainstorming;<\/li>\n<li>Ishikawa;<\/li>\n<li>Listas de verifica\u00e7\u00e3o<\/li>\n<\/ul>\n<\/li>\n<li>T\u00e9cnicas para an\u00e1lise e avalia\u00e7\u00e3o de risco\n<ul>\n<li>Matriz de probabilidade e consequ\u00eancia<\/li>\n<\/ul>\n<\/li>\n<\/ol>\n<p><strong>Carga hor\u00e1ria<\/strong><\/p>\n<p>25 horas\/aula onde 15 horas\/aula, ministrado pelo Prof. Dr. Rafael Rabelo Nunes; 10 horas\/aulas de monitoria.<\/p>\n","protected":false},"excerpt":{"rendered":"<p>T\u00edtulo: Introdu\u00e7\u00e3o \u00e0 Gest\u00e3o de Riscos Objetivo geral do curso Uniformizar os conceitos b\u00e1sicos sobre Gest\u00e3o de Riscos, capacitando para aplicar o processo de avalia\u00e7\u00e3o de riscos de acordo com a s\u00e9rie de normas ISO 31.000. Objetivos espec\u00edficos de aprendizagem &hellip; <a href=\"https:\/\/rafael.rabelo.org\/?page_id=118\">Continue lendo <span class=\"meta-nav\">&rarr;<\/span><\/a><\/p>\n","protected":false},"author":1,"featured_media":0,"parent":11,"menu_order":0,"comment_status":"closed","ping_status":"closed","template":"","meta":{"footnotes":""},"class_list":["post-118","page","type-page","status-publish","hentry"],"_links":{"self":[{"href":"https:\/\/rafael.rabelo.org\/index.php?rest_route=\/wp\/v2\/pages\/118","targetHints":{"allow":["GET"]}}],"collection":[{"href":"https:\/\/rafael.rabelo.org\/index.php?rest_route=\/wp\/v2\/pages"}],"about":[{"href":"https:\/\/rafael.rabelo.org\/index.php?rest_route=\/wp\/v2\/types\/page"}],"author":[{"embeddable":true,"href":"https:\/\/rafael.rabelo.org\/index.php?rest_route=\/wp\/v2\/users\/1"}],"replies":[{"embeddable":true,"href":"https:\/\/rafael.rabelo.org\/index.php?rest_route=%2Fwp%2Fv2%2Fcomments&post=118"}],"version-history":[{"count":4,"href":"https:\/\/rafael.rabelo.org\/index.php?rest_route=\/wp\/v2\/pages\/118\/revisions"}],"predecessor-version":[{"id":137,"href":"https:\/\/rafael.rabelo.org\/index.php?rest_route=\/wp\/v2\/pages\/118\/revisions\/137"}],"up":[{"embeddable":true,"href":"https:\/\/rafael.rabelo.org\/index.php?rest_route=\/wp\/v2\/pages\/11"}],"wp:attachment":[{"href":"https:\/\/rafael.rabelo.org\/index.php?rest_route=%2Fwp%2Fv2%2Fmedia&parent=118"}],"curies":[{"name":"wp","href":"https:\/\/api.w.org\/{rel}","templated":true}]}}