{"id":13,"date":"2018-03-06T09:42:47","date_gmt":"2018-03-06T12:42:47","guid":{"rendered":"http:\/\/rabelo.org\/site\/?page_id=13"},"modified":"2019-08-13T15:25:51","modified_gmt":"2019-08-13T18:25:51","slug":"disciplinas","status":"publish","type":"page","link":"https:\/\/rafael.rabelo.org\/?page_id=13","title":{"rendered":"Disciplinas"},"content":{"rendered":"<p>Disciplinas ministradas em n\u00edvel de P\u00f3s-Gradua\u00e7\u00e3o<\/p>\n<ul>\n<li><a href=\"http:\/\/rafaelrabelo1.hospedagemdesites.ws\/disciplinas\/gestao-de-riscos\/\">Gest\u00e3o de Riscos (P\u00f3s em Governan\u00e7a e Compliance)<\/a><\/li>\n<li><a href=\"http:\/\/rafaelrabelo1.hospedagemdesites.ws\/gestao-da-qualidade\/\">Gest\u00e3o da Qualidade (P\u00f3s em Gest\u00e3o de Projetos)<\/a><\/li>\n<li>Gest\u00e3o de Processos<\/li>\n<li>Criptografia: Algoritmos e Certifica\u00e7\u00e3o Digital<\/li>\n<li>Forense Computacional<\/li>\n<\/ul>\n<p>Disciplinas ministradas na Universidade de Bras\u00edlia em n\u00edvel de Gradua\u00e7\u00e3o<\/p>\n<ul>\n<li>Administra\u00e7\u00e3o de Sistemas de Informa\u00e7\u00e3o (<a href=\"https:\/\/1drv.ms\/b\/s!ApB4qQw-_c7miocODjECHhPKLVuhvQ\">Ementa<\/a> | <a href=\"https:\/\/aprender.ead.unb.br\/course\/view.php?id=4502\">Moodle<\/a> |\u00a0<a href=\"https:\/\/docs.google.com\/forms\/d\/e\/1FAIpQLSflIrpGQHhfZ86myJ5GUMRNkILd8KBaeTiSSYUTMlZyzl7b3g\/viewform?usp=sf_link\">Avalia\u00e7\u00e3o dos trabalhos<\/a>)<\/li>\n<li>Gest\u00e3o de Processos (<a href=\"https:\/\/1drv.ms\/b\/s!ApB4qQw-_c7miog9h20ZiXQXTJfrBg\">Ementa<\/a> | <a href=\"https:\/\/aprender.ead.unb.br\/course\/view.php?id=4759\">Moodle<\/a> |\u00a0<a href=\"https:\/\/docs.google.com\/forms\/d\/e\/1FAIpQLSeprk_Ji964oaf21jCw96HO-GiZ7DJEpQeBZj7WrZHlh_D4zg\/viewform?usp=sf_link\">Avalia\u00e7\u00e3o dos trabalhos<\/a>)<\/li>\n<li>Log\u00edstica Empresarial<\/li>\n<\/ul>\n<p>Disciplinas j\u00e1 ministradas em outras faculdades<\/p>\n<ul>\n<li>Seguran\u00e7a da Informa\u00e7\u00e3o<\/li>\n<li>Seguran\u00e7a de Redes<\/li>\n<li>Algoritmos e Programa\u00e7\u00e3o de Computadores<\/li>\n<li>Modelagem de Dados<\/li>\n<li>C\u00e1lculo Diferencial e Integral<\/li>\n<li>Metodologia Cient\u00edfica<\/li>\n<\/ul>\n","protected":false},"excerpt":{"rendered":"<p>Disciplinas ministradas em n\u00edvel de P\u00f3s-Gradua\u00e7\u00e3o Gest\u00e3o de Riscos (P\u00f3s em Governan\u00e7a e Compliance) Gest\u00e3o da Qualidade (P\u00f3s em Gest\u00e3o de Projetos) Gest\u00e3o de Processos Criptografia: Algoritmos e Certifica\u00e7\u00e3o Digital Forense Computacional Disciplinas ministradas na Universidade de Bras\u00edlia em n\u00edvel &hellip; <a href=\"https:\/\/rafael.rabelo.org\/?page_id=13\">Continue lendo <span class=\"meta-nav\">&rarr;<\/span><\/a><\/p>\n","protected":false},"author":1,"featured_media":0,"parent":0,"menu_order":0,"comment_status":"closed","ping_status":"closed","template":"","meta":{"footnotes":""},"class_list":["post-13","page","type-page","status-publish","hentry"],"_links":{"self":[{"href":"https:\/\/rafael.rabelo.org\/index.php?rest_route=\/wp\/v2\/pages\/13","targetHints":{"allow":["GET"]}}],"collection":[{"href":"https:\/\/rafael.rabelo.org\/index.php?rest_route=\/wp\/v2\/pages"}],"about":[{"href":"https:\/\/rafael.rabelo.org\/index.php?rest_route=\/wp\/v2\/types\/page"}],"author":[{"embeddable":true,"href":"https:\/\/rafael.rabelo.org\/index.php?rest_route=\/wp\/v2\/users\/1"}],"replies":[{"embeddable":true,"href":"https:\/\/rafael.rabelo.org\/index.php?rest_route=%2Fwp%2Fv2%2Fcomments&post=13"}],"version-history":[{"count":29,"href":"https:\/\/rafael.rabelo.org\/index.php?rest_route=\/wp\/v2\/pages\/13\/revisions"}],"predecessor-version":[{"id":325,"href":"https:\/\/rafael.rabelo.org\/index.php?rest_route=\/wp\/v2\/pages\/13\/revisions\/325"}],"wp:attachment":[{"href":"https:\/\/rafael.rabelo.org\/index.php?rest_route=%2Fwp%2Fv2%2Fmedia&parent=13"}],"curies":[{"name":"wp","href":"https:\/\/api.w.org\/{rel}","templated":true}]}}