{"id":166,"date":"2018-08-02T16:24:25","date_gmt":"2018-08-02T19:24:25","guid":{"rendered":"http:\/\/rafaelrabelo1.hospedagemdesites.ws\/?page_id=166"},"modified":"2019-04-27T12:06:25","modified_gmt":"2019-04-27T15:06:25","slug":"orientacoes-em-andamento","status":"publish","type":"page","link":"https:\/\/rafael.rabelo.org\/?page_id=166","title":{"rendered":"Orienta\u00e7\u00f5es em andamento"},"content":{"rendered":"<p>Orienta\u00e7\u00f5es em andamentos por grupo de pesquisa<\/p>\n<p><a href=\"http:\/\/gometaunb.blogspot.com.br\/\">GO META<\/a>: Grupo de Pesquisa em Opera\u00e7\u00f5es, Log\u00edstica e M\u00e9todos de Apoio \u00e0 Decis\u00e3o<\/p>\n<ul>\n<li>Linha de Pesquisa:\u00a0Opera\u00e7\u00f5es e Estrat\u00e9gias relativas a Tecnologias de Informa\u00e7\u00f5es e Comunica\u00e7\u00f5es para Organiza\u00e7\u00f5es.<\/li>\n<li>Trabalhos em andamento pelo grupo de pesquisa:\n<ul>\n<li>Gradua\u00e7\u00e3o,\u00a0Andrio de Andrade Alves, &#8220;A gest\u00e3o de riscos e a ado\u00e7\u00e3o de computa\u00e7\u00e3o em nuvem no governo federal&#8221;. Ano prov\u00e1vel de conclus\u00e3o: 2019.<\/li>\n<li>Gradua\u00e7\u00e3o, Jo\u00e3o J\u00falio de Oliveira, &#8220;Uso das ferramentas de marketing digital pelas empresas do DF&#8221;. Ano prov\u00e1vel de conclus\u00e3o: 2019.<\/li>\n<li>P\u00f3s-Gradua\u00e7\u00e3o, Priscila Pivante, &#8220;Uso de BI como ferramenta de gest\u00e3o or\u00e7ament\u00e1ria em planos de sa\u00fade. Um estudo de caso de uma organiza\u00e7\u00e3o militar&#8221;. Ano prov\u00e1vel de conclus\u00e3o: 2019.<\/li>\n<\/ul>\n<\/li>\n<li><a href=\"http:\/\/dgp.cnpq.br\/dgp\/espelhogrupo\/7250812889463553\">Espelho do Grupo CNPQ<\/a><\/li>\n<\/ul>\n<p>GIJ: Gest\u00e3o e Inova\u00e7\u00e3o em Organiza\u00e7\u00f5es da Justi\u00e7a<\/p>\n<ul>\n<li>Linha de Pesquisa:\u00a0Governan\u00e7a e Desempenho em Organiza\u00e7\u00f5es da Justi\u00e7a<\/li>\n<li>Trabalhos em andamento pelo grupo de pesquisa:\n<ul>\n<li>Gradua\u00e7\u00e3o, Rodrigo Lima da Cunha, &#8220;O SEI trouxe efici\u00eancia para a Administra\u00e7\u00e3o P\u00fablica? Um estudo do SEI sobre a \u00f3tica da Gest\u00e3o de Processos&#8221;. Ano prov\u00e1vel de conclus\u00e3o: 2019.<\/li>\n<li>P\u00f3s-Gradua\u00e7\u00e3o, Marcela Batista, &#8220;Gest\u00e3o de Riscos como ferramenta de equil\u00edbrio entre os princ\u00edpios da legalidade e efici\u00eancia da administra\u00e7\u00e3o p\u00fablica&#8221;. Ano prov\u00e1vel de conclus\u00e3o: 2019.<\/li>\n<\/ul>\n<\/li>\n<li><a href=\"http:\/\/dgp.cnpq.br\/dgp\/espelhogrupo\/1822514441165927\">Espelho do Grupo CNPQ<\/a><\/li>\n<\/ul>\n","protected":false},"excerpt":{"rendered":"<p>Orienta\u00e7\u00f5es em andamentos por grupo de pesquisa GO META: Grupo de Pesquisa em Opera\u00e7\u00f5es, Log\u00edstica e M\u00e9todos de Apoio \u00e0 Decis\u00e3o Linha de Pesquisa:\u00a0Opera\u00e7\u00f5es e Estrat\u00e9gias relativas a Tecnologias de Informa\u00e7\u00f5es e Comunica\u00e7\u00f5es para Organiza\u00e7\u00f5es. Trabalhos em andamento pelo grupo &hellip; <a href=\"https:\/\/rafael.rabelo.org\/?page_id=166\">Continue lendo <span class=\"meta-nav\">&rarr;<\/span><\/a><\/p>\n","protected":false},"author":1,"featured_media":0,"parent":52,"menu_order":0,"comment_status":"closed","ping_status":"closed","template":"","meta":{"footnotes":""},"class_list":["post-166","page","type-page","status-publish","hentry"],"_links":{"self":[{"href":"https:\/\/rafael.rabelo.org\/index.php?rest_route=\/wp\/v2\/pages\/166","targetHints":{"allow":["GET"]}}],"collection":[{"href":"https:\/\/rafael.rabelo.org\/index.php?rest_route=\/wp\/v2\/pages"}],"about":[{"href":"https:\/\/rafael.rabelo.org\/index.php?rest_route=\/wp\/v2\/types\/page"}],"author":[{"embeddable":true,"href":"https:\/\/rafael.rabelo.org\/index.php?rest_route=\/wp\/v2\/users\/1"}],"replies":[{"embeddable":true,"href":"https:\/\/rafael.rabelo.org\/index.php?rest_route=%2Fwp%2Fv2%2Fcomments&post=166"}],"version-history":[{"count":8,"href":"https:\/\/rafael.rabelo.org\/index.php?rest_route=\/wp\/v2\/pages\/166\/revisions"}],"predecessor-version":[{"id":301,"href":"https:\/\/rafael.rabelo.org\/index.php?rest_route=\/wp\/v2\/pages\/166\/revisions\/301"}],"up":[{"embeddable":true,"href":"https:\/\/rafael.rabelo.org\/index.php?rest_route=\/wp\/v2\/pages\/52"}],"wp:attachment":[{"href":"https:\/\/rafael.rabelo.org\/index.php?rest_route=%2Fwp%2Fv2%2Fmedia&parent=166"}],"curies":[{"name":"wp","href":"https:\/\/api.w.org\/{rel}","templated":true}]}}