{"id":213,"date":"2018-11-11T00:00:32","date_gmt":"2018-11-11T02:00:32","guid":{"rendered":"http:\/\/rafaelrabelo1.hospedagemdesites.ws\/?page_id=213"},"modified":"2018-11-11T12:43:53","modified_gmt":"2018-11-11T14:43:53","slug":"seguranca-da-informacao","status":"publish","type":"page","link":"https:\/\/rafael.rabelo.org\/?page_id=213","title":{"rendered":"Seguran\u00e7a da Informa\u00e7\u00e3o"},"content":{"rendered":"<p>Seguran\u00e7a da Informa\u00e7\u00e3o: entenda os riscos e proteja-se.<\/p>\n<p>Curso elaborado especialmente para o Supremo Tribunal Federal. Dispon\u00edvel para outros \u00f3rg\u00e3os p\u00fablicos mediante contato com a \u00e1rea de Recursos Humanos do STF.<\/p>\n<p><strong>P\u00fablico-alvo:<\/strong> Colaboradores de qualquer \u00e1rea.<\/p>\n<p><strong>Justificativa:<\/strong> Considerando que um dos maiores insumos do STF \u00e9 a informa\u00e7\u00e3o, e, considerando que com a informatiza\u00e7\u00e3o do processo judicial, do processo administrativo e tamb\u00e9m, com a informatiza\u00e7\u00e3o da maior parte das atividades desempenhadas pelo STF, esse curso se justifica para que o STF treine os seus servidores para identificar, evitar, mitigar e\/ou comunicar os riscos de Seguran\u00e7a da Informa\u00e7\u00e3o, para que assim, o STF se exponha a menos riscos de Seguran\u00e7a da Informa\u00e7\u00e3o.<\/p>\n<p><strong>Objetivo geral do curso:<\/strong> Despertar a sensibilidade dos servidores para os riscos de seguran\u00e7a da informa\u00e7\u00e3o que existem no trato da informa\u00e7\u00e3o, de forma que ele evite, mitigue ou comunique esses poss\u00edveis riscos de forma que eles sejam tratados de forma adequada.<\/p>\n<p><strong>Objetivos espec\u00edficos de aprendizagem:<\/strong><\/p>\n<ul>\n<li>Conhecer a disciplina de Seguran\u00e7a da Informa\u00e7\u00e3o e os princ\u00edpios que a rege<\/li>\n<li>Reconhecer a import\u00e2ncia da Seguran\u00e7a da Informa\u00e7\u00e3o em organiza\u00e7\u00f5es modernas;<\/li>\n<li>Identificar os principais riscos e amea\u00e7as inerentes \u00e0 seguran\u00e7a da informa\u00e7\u00e3o;<\/li>\n<li>Identificar os riscos na elabora\u00e7\u00e3o de novos projetos dentro da organiza\u00e7\u00e3o e no gerenciamento de recursos humanos.<\/li>\n<li>Conhecer os m\u00e9todos principais para formaliza\u00e7\u00e3o e comunica\u00e7\u00e3o dos riscos de seguran\u00e7a da informa\u00e7\u00e3o.<\/li>\n<\/ul>\n<p><strong>Carga hor\u00e1ria:<\/strong> 18 h\/a<\/p>\n<p><strong>Conte\u00fado Program\u00e1tico:<\/strong><\/p>\n<ul>\n<li>Princ\u00edpios de Seguran\u00e7a da Informa\u00e7\u00e3o e a Import\u00e2ncia da Seguran\u00e7a<\/li>\n<li>Pol\u00edticas de Seguran\u00e7a da Informa\u00e7\u00e3o;<\/li>\n<li>Pol\u00edtica de Seguran\u00e7a da Informa\u00e7\u00e3o e a Classifica\u00e7\u00e3o da Informa\u00e7\u00e3o<\/li>\n<li>Ciclo de vida da informa\u00e7\u00e3o<\/li>\n<li>Procedimento de tratamento da informa\u00e7\u00e3o<\/li>\n<li>Fraude que utiliza tecnologia<\/li>\n<li>Roubo e perda da informa\u00e7\u00e3o<\/li>\n<li>Backup<\/li>\n<li>C\u00f3digos maliciosos (v\u00edrus)<\/li>\n<li>Uso da Internet e do Correio Eletr\u00f4nico<\/li>\n<li>Autentica\u00e7\u00e3o de Usu\u00e1rio<\/li>\n<li>Boas pr\u00e1ticas na elabora\u00e7\u00e3o de senhas<\/li>\n<li>Mesa limpa, tela protegida<\/li>\n<li>Controle de acesso<\/li>\n<li>Engenharia Social e Seguran\u00e7a da Informa\u00e7\u00e3o no Gerenciamento de Recursos Humanos<\/li>\n<li>Ambiente convencional<\/li>\n<li>Teletrabalho.<\/li>\n<li>ISO 27002<\/li>\n<li>Gest\u00e3o de Projetos e a Seguran\u00e7a da Informa\u00e7\u00e3o<\/li>\n<\/ul>\n<p>-x-<\/p>\n<p><strong>Avalia\u00e7\u00e3o do Curso<\/strong><\/p>\n<table id=\"yui_3_17_2_1_1541900943982_74\" class=\"generaltable\" style=\"margin-left: 30px;\">\n<tbody id=\"yui_3_17_2_1_1541900943982_73\">\n<tr class=\"\">\n<td class=\"cell c0 lastcol\">O Rabelo \u00e9 excelente profissional e altamente gabaritado para o que se prop\u00f5e. Prestativo e atencioso.<\/td>\n<\/tr>\n<tr class=\"\">\n<td class=\"cell c0 lastcol\">Muito did\u00e1tico e demonstra dom\u00ednio do tema.<\/td>\n<\/tr>\n<tr class=\"\">\n<td class=\"cell c0 lastcol\">Gosto muito de cursos online com a participa\u00e7\u00e3o de tutor. Houve o est\u00edmulo \u00e0s atividades, houve coment\u00e1rios pertinentes e respostas em tempo adequado e por isso a possibilidade de sanar d\u00favidas durante a realiza\u00e7\u00e3o das atividades avaliativas..<\/td>\n<\/tr>\n<tr class=\"\">\n<td class=\"cell c0 lastcol\">Muito gentil e acess\u00edvel. O material foi muito bem preparado.<\/td>\n<\/tr>\n<tr class=\"\">\n<td class=\"cell c0 lastcol\">Muito ativo nos f\u00f3runs. Atua\u00e7\u00e3o bastante positiva.<\/td>\n<\/tr>\n<tr class=\"\">\n<td class=\"cell c0 lastcol\">Sempre dispon\u00edvel e apresentou um \u00f3timo n\u00edvel de conhecimento.<\/td>\n<\/tr>\n<tr class=\"\">\n<td class=\"cell c0 lastcol\">\u00d3tima a participa\u00e7\u00e3o do tutor. Recomendo para outros cursos<\/td>\n<\/tr>\n<tr class=\"\">\n<td class=\"cell c0 lastcol\">O professor interage bastante no f\u00f3rum tirando d\u00favidas e levantado debates. Incentiva as boas pr\u00e1tica aprendidas no curso.<\/td>\n<\/tr>\n<tr class=\"\">\n<td class=\"cell c0 lastcol\">Muito participativo e demonstrou profundo conhecimento sobre \u00e1rea de seguran\u00e7a da informa\u00e7\u00e3o. Tamb\u00e9m instiga o aluno a refletir sobre o que foi colocado.<\/td>\n<\/tr>\n<tr class=\"\">\n<td class=\"cell c0 lastcol\">Mostrou-se sempre dispon\u00edvel e com dom\u00ednio e conhecimento do conte\u00fado, estimulando os alunos ao debate e reflex\u00e3o.<\/td>\n<\/tr>\n<tr class=\"\">\n<td class=\"cell c0 lastcol\">O material foi muito bom, adaptado \u00e0 realidade do STF, leve e de f\u00e1cil aprendizagem, recheado de curiosidades sobre o assunto abordado. Tutor muito participativo nos f\u00f3runs, estimulou a intera\u00e7\u00e3o entre os alunos. Professor nota 10!<\/td>\n<\/tr>\n<tr class=\"\">\n<td class=\"cell c0 lastcol\">did\u00e1tico nas explica\u00e7\u00f5es, tem dom\u00ednio do assunto.<\/td>\n<\/tr>\n<tr class=\"\">\n<td class=\"cell c0 lastcol\">Muito bom.<\/td>\n<\/tr>\n<tr class=\"\">\n<td class=\"cell c0 lastcol\">Excelente a atua\u00e7\u00e3o do Tutor.<\/td>\n<\/tr>\n<tr class=\"\">\n<td class=\"cell c0 lastcol\">Sempre prestativo! Buscou estimular as discuss\u00f5es para que os participantes apresentassem algo mais, de forma a enriquecer ainda mais o treinamento.<\/td>\n<\/tr>\n<tr class=\"\">\n<td class=\"cell c0 lastcol\">Soube trazer e apresentar de uma maneira simples um tema, muitas vezes, dificilmente apreendido por colaboradores sem v\u00ednculo com a STI.<\/td>\n<\/tr>\n<tr class=\"\">\n<td class=\"cell c0 lastcol\">Muito participativo, principalmente nos f\u00f3runs de discuss\u00e3o.<\/td>\n<\/tr>\n<tr class=\"lastrow\">\n<td class=\"cell c0 lastcol\" style=\"padding-left: 30px;\">Material muito bem constru\u00eddo e de vital import\u00e2ncia para o Tribunal.<\/td>\n<\/tr>\n<\/tbody>\n<\/table>\n<table id=\"yui_3_17_2_1_1541947226982_74\" class=\"generaltable\" style=\"margin-left: 30px;\">\n<tbody id=\"yui_3_17_2_1_1541947226982_73\">\n<tr class=\"\">\n<td class=\"cell c0 lastcol\">O curso amplia a no\u00e7\u00e3o que precisamos para executar projetos e tarefas tendo em vista a complexidade de fatores relacionados aos riscos de seguran\u00e7a da informa\u00e7\u00e3o.<\/td>\n<\/tr>\n<tr class=\"\">\n<td class=\"cell c0 lastcol\">Telas WEB s\u00e3o muito \u00fateis, metodologia de avalia\u00e7\u00e3o \u00e9 melhor que as que tenho visto. Gostei bastante.<\/td>\n<\/tr>\n<tr class=\"\">\n<td class=\"cell c0 lastcol\">Conte\u00fado atual e p\u00e1gina do moodle muito bem feita.<\/td>\n<\/tr>\n<tr class=\"\">\n<td class=\"cell c0 lastcol\">Gostei da disponibilidade das aulas em pdf e web. Gostei do formato do f\u00f3rum, no qual o tutor pede que comentemos sobre a coloca\u00e7\u00e3o de algum dos participantes. Isso permitiu intera\u00e7\u00e3o, fixa\u00e7\u00e3o de conte\u00fado e elimina\u00e7\u00e3o de d\u00favidas. Por fim, mesmo tendo dificuldade na confec\u00e7\u00e3o do memorando fict\u00edcio, foi uma forma de aliar a teoria \u00e0 realidade de minhas atividades no Tribunal e pude verificar que existem sim falhas de seguran\u00e7a da informa\u00e7\u00e3o em um dos processos de trabalho que lido diariamente.<\/td>\n<\/tr>\n<tr class=\"\">\n<td class=\"cell c0 lastcol\">Excelente material! Leitura agrad\u00e1vel e leve, nem parecia um material de estudo. Adorei os exemplos, as cita\u00e7\u00f5es de autores, a proximidade com a nossa realidade de trabalho.<\/td>\n<\/tr>\n<tr class=\"\">\n<td class=\"cell c0 lastcol\">Informa\u00e7\u00f5es que deveriam ser obrigat\u00f3rios ao conhecimento de todos as pessoas que trabalham no STF.<\/td>\n<\/tr>\n<tr class=\"\">\n<td class=\"cell c0 lastcol\">A pertin\u00eancia do conte\u00fado \u00e0 realizada do tribunal \u00e9 sempre um destaque<\/td>\n<\/tr>\n<tr class=\"\">\n<td class=\"cell c0 lastcol\">\u00d3timo curso, indicado tanto para os que j\u00e1 conhecem o tema quanto para os iniciantes<\/td>\n<\/tr>\n<tr class=\"\">\n<td class=\"cell c0 lastcol\">O professor usa linguagem de f\u00e1cil compreens\u00e3o e de leitura agrad\u00e1vel. Material com muitos exemplos reais e questionamentos sobre pr\u00e1ticas realizadas em nosso ambiente de trabalho.<\/td>\n<\/tr>\n<tr class=\"\">\n<td class=\"cell c0 lastcol\">De f\u00e1cil aprendizado, exerc\u00edcios avaliativos bem propostos.<\/td>\n<\/tr>\n<tr class=\"\">\n<td class=\"cell c0 lastcol\">A forma clara e objetiva das informa\u00e7\u00f5es muito contribuir\u00e1 para a melhoria e seguran\u00e7a do trabalho. Aprendi procedimentos e a\u00e7\u00f5es nunca antes orientada por algum profissional da TI.<\/td>\n<\/tr>\n<tr class=\"\">\n<td class=\"cell c0 lastcol\">O treinamento trouxe no\u00e7\u00f5es de seguran\u00e7a da informa\u00e7\u00e3o que auxiliam no desenvolvimento de nossas atividades di\u00e1rias.<\/td>\n<\/tr>\n<tr class=\"\">\n<td class=\"cell c0 lastcol\">linguagem progressiva, indo do mais simples ao mais complexo, facilitando assim o entendimento do assunto.<\/td>\n<\/tr>\n<tr class=\"\">\n<td class=\"cell c0 lastcol\">O curso \u00e9 oportuno. Muito bom.<\/td>\n<\/tr>\n<tr class=\"\">\n<td class=\"cell c0 lastcol\">A seguran\u00e7a da informa\u00e7\u00e3o \u00e9 um assunto que est\u00e1 presente no dia a dia no nosso ambiente de trabalho e na vida pessoal, por isso \u00e9 um assunto t\u00e3o interessante.<\/td>\n<\/tr>\n<tr class=\"\">\n<td class=\"cell c0 lastcol\">Excelente abordagem, desperta a necessidade de trabalharmos a cultura organizacional para o tema de Seguran\u00e7a da Informa\u00e7\u00e3o e a import\u00e2ncia da participa\u00e7\u00e3o de cada um para mitigar os riscos aos quais estamos expostos.<\/td>\n<\/tr>\n<tr class=\"\">\n<td class=\"cell c0 lastcol\">Conte\u00fado pertinente ao contexto do Tribunal; &#8211; Simplicidade de apresenta\u00e7\u00e3o; &#8211; Fomento a discuss\u00e3o entre participantes.<\/td>\n<\/tr>\n<tr class=\"\">\n<td class=\"cell c0 lastcol\">Gostei bastante do curso, pois mesmo n\u00e3o sendo da \u00e1rea da T.I, este tema \u00e9 bastante usado na \u00e1rea de intelig\u00eancia policial.<\/td>\n<\/tr>\n<tr class=\"lastrow\">\n<td class=\"cell c0 lastcol\">Acredito que todos os funcion\u00e1rios de STF devessem participar desse curso, dada sua import\u00e2ncia. Se poss\u00edvel, que fosse um curso obrigat\u00f3rio.<\/td>\n<\/tr>\n<\/tbody>\n<\/table>\n","protected":false},"excerpt":{"rendered":"<p>Seguran\u00e7a da Informa\u00e7\u00e3o: entenda os riscos e proteja-se. Curso elaborado especialmente para o Supremo Tribunal Federal. Dispon\u00edvel para outros \u00f3rg\u00e3os p\u00fablicos mediante contato com a \u00e1rea de Recursos Humanos do STF. P\u00fablico-alvo: Colaboradores de qualquer \u00e1rea. Justificativa: Considerando que um &hellip; <a href=\"https:\/\/rafael.rabelo.org\/?page_id=213\">Continue lendo <span class=\"meta-nav\">&rarr;<\/span><\/a><\/p>\n","protected":false},"author":1,"featured_media":0,"parent":11,"menu_order":0,"comment_status":"closed","ping_status":"closed","template":"","meta":{"footnotes":""},"class_list":["post-213","page","type-page","status-publish","hentry"],"_links":{"self":[{"href":"https:\/\/rafael.rabelo.org\/index.php?rest_route=\/wp\/v2\/pages\/213","targetHints":{"allow":["GET"]}}],"collection":[{"href":"https:\/\/rafael.rabelo.org\/index.php?rest_route=\/wp\/v2\/pages"}],"about":[{"href":"https:\/\/rafael.rabelo.org\/index.php?rest_route=\/wp\/v2\/types\/page"}],"author":[{"embeddable":true,"href":"https:\/\/rafael.rabelo.org\/index.php?rest_route=\/wp\/v2\/users\/1"}],"replies":[{"embeddable":true,"href":"https:\/\/rafael.rabelo.org\/index.php?rest_route=%2Fwp%2Fv2%2Fcomments&post=213"}],"version-history":[{"count":4,"href":"https:\/\/rafael.rabelo.org\/index.php?rest_route=\/wp\/v2\/pages\/213\/revisions"}],"predecessor-version":[{"id":225,"href":"https:\/\/rafael.rabelo.org\/index.php?rest_route=\/wp\/v2\/pages\/213\/revisions\/225"}],"up":[{"embeddable":true,"href":"https:\/\/rafael.rabelo.org\/index.php?rest_route=\/wp\/v2\/pages\/11"}],"wp:attachment":[{"href":"https:\/\/rafael.rabelo.org\/index.php?rest_route=%2Fwp%2Fv2%2Fmedia&parent=213"}],"curies":[{"name":"wp","href":"https:\/\/api.w.org\/{rel}","templated":true}]}}