{"id":33,"date":"2018-03-06T11:14:59","date_gmt":"2018-03-06T14:14:59","guid":{"rendered":"http:\/\/rabelo.org\/site\/?page_id=33"},"modified":"2018-03-06T13:19:58","modified_gmt":"2018-03-06T16:19:58","slug":"mymcda-c-decision","status":"publish","type":"page","link":"https:\/\/rafael.rabelo.org\/?page_id=33","title":{"rendered":"MyMCDA-C Decision"},"content":{"rendered":"<h1>RECURSOS HUMANOS ENVOLVIDOS<\/h1>\n<p>Prof. Dr. Rafael Rabelo Nunes<br \/>\nProf. Dr. Evaldo C\u00e9sar Rodrigues<br \/>\nGabriel Tomaz Lima (aluno de gradua\u00e7\u00e3o em Engenharia da Computa\u00e7\u00e3o, UnB)<\/p>\n<h1>FOMENTO<\/h1>\n<ul>\n<li>FAP-DF<\/li>\n<li>PIBITI (2017-2018)<\/li>\n<\/ul>\n<h1>QUALIFICA\u00c7\u00c3O DO PROBLEMA ABORDADO<\/h1>\n<p>O uso de m\u00e9todos de decis\u00e3o multicrit\u00e9rio tem sido muito utilizado nos \u00faltimos anos na busca de poss\u00edveis solu\u00e7\u00f5es de problemas onde existem v\u00e1rias vari\u00e1veis de escolha, muitas vezes conflitantes. Segundo (RODRIGUES, 2014), a busca desses m\u00e9todos tem como origem a Pesquisa Operacional e a necessidade de se encontrar solu\u00e7\u00f5es pr\u00e1ticas que se vinculem de alguma forma, com as atividades rotineiras desempenhadas por organiza\u00e7\u00f5es.<\/p>\n<p>A metodologia MCDA-C (Multicriteria Decision Aid-Constructivist) se destaca dentre v\u00e1rias outras pelo fato de utilizar n\u00e3o apenas a Pesquisa Operacional pura e matem\u00e1tica, mas tamb\u00e9m, de possuir elementos subjetivos na constru\u00e7\u00e3o do m\u00e9todo que permite traduzir, em forma quantitativa, percep\u00e7\u00f5es qualitativas de atores envolvidos em algum processo decis\u00f3rio.<\/p>\n<p>Para o uso desse m\u00e9todo em pesquisas acad\u00eamicas, o software MAMADECIS\u00c3O foi desenvolvido e aprimorado nos \u00faltimos anos por pesquisadores do Departamento de Administra\u00e7\u00e3o da UnB. Trata-se de uma implementa\u00e7\u00e3o do m\u00e9todo MCDA-C em uma planilha Excel customizada, onde as t\u00e9cnicas do m\u00e9todo s\u00e3o modeladas o que se transformou em uma ferramenta \u00fatil para pesquisadores em v\u00e1rias \u00e1reas do conhecimento.<\/p>\n<p>Como exemplifica\u00e7\u00e3o, (FARIAS, 2016), utilizou o software MAMADECIS\u00c3O como ferramenta de apoio na pesquisa entre os sistemas de transporte individual do DF. Nesse caso espec\u00edfico, foi utilizado a ferramenta Google Forms para coleta de informa\u00e7\u00f5es, e, depois o resultado da pesquisa foi aplicado no software para se produzir efetivamente os resultados para an\u00e1lise da pesquisa. Da mesma forma, (RODRIGUES, 2016) utilizou a mesma ferramenta para analisar o sistema de transporte p\u00fablico coletivo de Bras\u00edlia e Estocolmo. Em outro estudo realizado por (SILVA, 2015), utilizou-se tamb\u00e9m essa ferramenta para avaliar a percep\u00e7\u00e3o dos usu\u00e1rios do BRT-DF quanto \u00e0 integra\u00e7\u00e3o do pagamento do bilhete atrav\u00e9s do smartphone.<\/p>\n<p>Apesar de ser utilizado com sucesso em casos como esses, entende-se que o formato de usabilidade proporcionado pelo Excel dificulta a dissemina\u00e7\u00e3o do software em outras pesquisas. Assim, v\u00ea-se como oportunidade a reconstru\u00e7\u00e3o do software em interface web e\/ou m\u00f3vel, de forma que o uso dessa solu\u00e7\u00e3o seja impulsionado tanto por pesquisas acad\u00eamicas, mas por organiza\u00e7\u00f5es, visto que, n\u00e3o h\u00e1 no mercado softwares que proporcionem o uso dessa t\u00e9cnica de forma gratuita.<\/p>\n<p>Para se tornar gratuito, ser\u00e1 necess\u00e1rio investigar a melhor forma de desenvolver esse software e a melhor forma de disponibiliz\u00e1-lo. Para isso, entende-se que al\u00e9m de se estudar o m\u00e9todo MCDA-C tamb\u00e9m ser\u00e1 necess\u00e1rio encontrar formas de como prover essa solu\u00e7\u00e3o e dissemin\u00e1-la de forma a utilizar o menor recurso poss\u00edvel.<\/p>\n<h1>OBJETIVOS E METAS A SEREM ALCAN\u00c7ADOS<\/h1>\n<p>Buscar, entre as tecnologias de desenvolvimento de software dispon\u00edveis, tecnologias emergentes que possam ser \u00fateis no desenvolvimento de uma aplica\u00e7\u00e3o que implemente MCDA-C;<br \/>\nCriar uma infraestrutura tecnol\u00f3gica para hospedar o sistema a ser desenvolvido;<br \/>\nDesenvolver um software que implemente o m\u00e9todo de decis\u00e3o multicrit\u00e9rio MCDA-C;<br \/>\nDisseminar o uso da metodologia entre os envolvidos no projeto.<\/p>\n<p><strong>METODOLOGIA<\/strong><\/p>\n<p>Inicialmente, deve ser feita uma revis\u00e3o sistem\u00e1tica da literatura, para determinar o estudo da arte do tema pesquisado, a qual usa uma abordagem bem definida para revisar a literatura, seguindo um protocolo para selecionar e analisar as fontes (CRONIN &amp; COUGHLAN, 2008). Entende-se que, dessa forma, conseguir\u00e1 ter uma ideia sobre o uso da metodologia MCDA-C no mundo e a compara\u00e7\u00e3o com outros m\u00e9todos. Em seguida, dever\u00e1 se buscar quais s\u00e3o as linguagens de programa\u00e7\u00e3o e tecnologias que podem ser \u00fateis no desenvolvimento desse software. Ao mesmo tempo, dever\u00e1 ser feito um levantamento dos requisitos necess\u00e1rios para se hospedar a solu\u00e7\u00e3o a ser produzida. Paralelamente, os alunos envolvidos na pesquisa dever\u00e3o estudar o funcionamento de t\u00e9cnicas de decis\u00e3o multicrit\u00e9rio bem como um levantamento extensivo de aplica\u00e7\u00f5es dessas t\u00e9cnicas. Conhecendo a din\u00e2mica da t\u00e9cnica, e o funcionamento do MAMADECIS\u00c3O, poder\u00e1 ser feito a implementa\u00e7\u00e3o na tecnologia escolhida e ent\u00e3o, e os testes poder\u00e3o ser feitos com resultados j\u00e1 realizados em outras pesquisas cujo MAMADECIS\u00c3O foi utilizado.<br \/>\nPor fim, entende-se que, caso se atinjam os objetivos da pesquisa, o software poder\u00e1 ser disponibilizado para a comunidade acad\u00eamica (onde a divulga\u00e7\u00e3o poderia ser realizada por meio de um artigo cient\u00edfico) e tamb\u00e9m para organiza\u00e7\u00f5es que tenham interesse em utilizar a metodologia.<\/p>\n<p><strong>REFER\u00caNCIAS<\/strong><\/p>\n<p>CRONIN, P. R., &amp; COUGHLAN, M. (2008). Undertaking a literature review: a step-by-step approach. British journal of nursing. Mark Allen Publishing.<br \/>\nFARIAS, F. M. (2016). AVALIA\u00c7\u00c3O DA PERCEP\u00c7\u00c3O DE QUALIDADE DA PRESTA\u00c7\u00c3O DO SERVI\u00c7O DE TRANSPORTE INDIVIDUAL DE PASSAGEIROS DO DISTRITO FEDERAL: T\u00c1XI E UBER. Brasilia.<br \/>\nRODRIGUES, E. C. (2014). METODOLOGIA PARA INVESTIGA\u00c7\u00c3O DA PERCEP\u00c7\u00c3O DAS INOVA\u00c7\u00d5ES NA USABILIDADE DO SISTEMA METROVI\u00c1RIO &#8211; UMA ABORDAGEM ANTROPOTECNOL\u00d3GICA. Bras\u00edlia: Tese de Doutorado.<br \/>\nRODRIGUES, E. C. (2016). An\u00e1lise multicrit\u00e9rio para avalia\u00e7\u00e3o comparativa entre os sistemas de transporte p\u00fablico coletivo de Bras\u00edlia e de Estocolmo. Universitas: Gest\u00e3o e TI, pp. 41-50.<br \/>\nSILVA, R. B. (2015). AN\u00c1LISE MULTICRIT\u00c9RIO DE APOIO \u00c0 DECIS\u00c3O: PERCEP\u00c7\u00c3O DOS USU\u00c1RIOS DO BRT-DF QUANTO \u00c0 INTEGRA\u00c7\u00c3O DO PAGAMENTO DO BILHETE ATRAV\u00c9S DO SMARTPHONE. Anais &#8211; SIMPEP.<\/p>\n","protected":false},"excerpt":{"rendered":"<p>RECURSOS HUMANOS ENVOLVIDOS Prof. Dr. Rafael Rabelo Nunes Prof. Dr. Evaldo C\u00e9sar Rodrigues Gabriel Tomaz Lima (aluno de gradua\u00e7\u00e3o em Engenharia da Computa\u00e7\u00e3o, UnB) FOMENTO FAP-DF PIBITI (2017-2018) QUALIFICA\u00c7\u00c3O DO PROBLEMA ABORDADO O uso de m\u00e9todos de decis\u00e3o multicrit\u00e9rio tem &hellip; <a href=\"https:\/\/rafael.rabelo.org\/?page_id=33\">Continue lendo <span class=\"meta-nav\">&rarr;<\/span><\/a><\/p>\n","protected":false},"author":1,"featured_media":0,"parent":6,"menu_order":0,"comment_status":"closed","ping_status":"closed","template":"","meta":{"footnotes":""},"class_list":["post-33","page","type-page","status-publish","hentry"],"_links":{"self":[{"href":"https:\/\/rafael.rabelo.org\/index.php?rest_route=\/wp\/v2\/pages\/33","targetHints":{"allow":["GET"]}}],"collection":[{"href":"https:\/\/rafael.rabelo.org\/index.php?rest_route=\/wp\/v2\/pages"}],"about":[{"href":"https:\/\/rafael.rabelo.org\/index.php?rest_route=\/wp\/v2\/types\/page"}],"author":[{"embeddable":true,"href":"https:\/\/rafael.rabelo.org\/index.php?rest_route=\/wp\/v2\/users\/1"}],"replies":[{"embeddable":true,"href":"https:\/\/rafael.rabelo.org\/index.php?rest_route=%2Fwp%2Fv2%2Fcomments&post=33"}],"version-history":[{"count":9,"href":"https:\/\/rafael.rabelo.org\/index.php?rest_route=\/wp\/v2\/pages\/33\/revisions"}],"predecessor-version":[{"id":63,"href":"https:\/\/rafael.rabelo.org\/index.php?rest_route=\/wp\/v2\/pages\/33\/revisions\/63"}],"up":[{"embeddable":true,"href":"https:\/\/rafael.rabelo.org\/index.php?rest_route=\/wp\/v2\/pages\/6"}],"wp:attachment":[{"href":"https:\/\/rafael.rabelo.org\/index.php?rest_route=%2Fwp%2Fv2%2Fmedia&parent=33"}],"curies":[{"name":"wp","href":"https:\/\/api.w.org\/{rel}","templated":true}]}}