{"id":4,"date":"2018-03-06T09:41:34","date_gmt":"2018-03-06T12:41:34","guid":{"rendered":"http:\/\/rabelo.org\/site\/?page_id=4"},"modified":"2021-08-03T13:55:43","modified_gmt":"2021-08-03T16:55:43","slug":"curriculum-vitae","status":"publish","type":"page","link":"https:\/\/rafael.rabelo.org\/?page_id=4","title":{"rendered":"Curriculum Vitae"},"content":{"rendered":"<h1>Perfil profissional<\/h1>\n<p>Profissional com <strong>s\u00f3lida<\/strong> forma\u00e7\u00e3o em <strong>TI<\/strong> e carreira <strong>docente<\/strong> ativa, que busca na sinergia entre tecnologia e pessoas, o motor de transforma\u00e7\u00e3o das organiza\u00e7\u00f5es.<\/p>\n<p><strong>Forma\u00e7\u00e3o Acad\u00eamica<\/strong><\/p>\n<ul>\n<li>Doutor em Engenharia El\u00e9trica, UnB, 2012.<\/li>\n<li>Mestre em Engenharia El\u00e9trica, UnB, 2009.<\/li>\n<li>Licenciatura Plena em Matem\u00e1tica (Programa Especial de Forma\u00e7\u00e3o Docente), UCB, 2014.<\/li>\n<li>Engenheiro de Redes de Comunica\u00e7\u00e3o, UnB, 2006.<\/li>\n<\/ul>\n<p><strong>Atua\u00e7\u00e3o Profissional<\/strong><\/p>\n<ul>\n<li>Analista Judici\u00e1rio &#8211; Secretaria de Gest\u00e3o Estrat\u00e9gica &#8211; Supremo Tribunal Federal<\/li>\n<li><a href=\"http:\/\/www.adm.unb.br\/index.php?option=com_content&amp;view=article&amp;id=444&amp;Itemid=386\">Professor Adjunto, Departamento de Administra\u00e7\u00e3o &#8211; UnB: Regime Parcial<\/a><\/li>\n<li>Professor Titular, Faculdade Atenas: Regime Parcial<\/li>\n<\/ul>\n<p><strong>Produ\u00e7\u00e3o Intelectual<\/strong><\/p>\n<ul>\n<li><a href=\"https:\/\/sig.unb.br\/sigaa\/public\/docente\/producao.jsf?siape=2363646\">Artigos publicados em peri\u00f3dicos e trabalhos publicados em anais de eventos<\/a><\/li>\n<\/ul>\n<p><strong>Maiores detalhes<\/strong><\/p>\n<p>Outras informa\u00e7\u00f5es podem ser encontradas diretamente na Plataforma Lattes e tamb\u00e9m, no Linkedin por meio dos links a seguir:<\/p>\n<p>Curriculum Lattes: <a href=\"http:\/\/goo.gl\/djhww\">http:\/\/goo.gl\/djhww<\/a><br \/>\nPerfil LinkedIn: <a href=\"https:\/\/www.linkedin.com\/in\/rrabelo82\/\">https:\/\/www.linkedin.com\/in\/rrabelo82\/<\/a><\/p>\n","protected":false},"excerpt":{"rendered":"<p>Perfil profissional Profissional com s\u00f3lida forma\u00e7\u00e3o em TI e carreira docente ativa, que busca na sinergia entre tecnologia e pessoas, o motor de transforma\u00e7\u00e3o das organiza\u00e7\u00f5es. Forma\u00e7\u00e3o Acad\u00eamica Doutor em Engenharia El\u00e9trica, UnB, 2012. Mestre em Engenharia El\u00e9trica, UnB, 2009. &hellip; <a href=\"https:\/\/rafael.rabelo.org\/?page_id=4\">Continue lendo <span class=\"meta-nav\">&rarr;<\/span><\/a><\/p>\n","protected":false},"author":1,"featured_media":0,"parent":0,"menu_order":0,"comment_status":"closed","ping_status":"closed","template":"","meta":{"footnotes":""},"class_list":["post-4","page","type-page","status-publish","hentry"],"_links":{"self":[{"href":"https:\/\/rafael.rabelo.org\/index.php?rest_route=\/wp\/v2\/pages\/4","targetHints":{"allow":["GET"]}}],"collection":[{"href":"https:\/\/rafael.rabelo.org\/index.php?rest_route=\/wp\/v2\/pages"}],"about":[{"href":"https:\/\/rafael.rabelo.org\/index.php?rest_route=\/wp\/v2\/types\/page"}],"author":[{"embeddable":true,"href":"https:\/\/rafael.rabelo.org\/index.php?rest_route=\/wp\/v2\/users\/1"}],"replies":[{"embeddable":true,"href":"https:\/\/rafael.rabelo.org\/index.php?rest_route=%2Fwp%2Fv2%2Fcomments&post=4"}],"version-history":[{"count":14,"href":"https:\/\/rafael.rabelo.org\/index.php?rest_route=\/wp\/v2\/pages\/4\/revisions"}],"predecessor-version":[{"id":357,"href":"https:\/\/rafael.rabelo.org\/index.php?rest_route=\/wp\/v2\/pages\/4\/revisions\/357"}],"wp:attachment":[{"href":"https:\/\/rafael.rabelo.org\/index.php?rest_route=%2Fwp%2Fv2%2Fmedia&parent=4"}],"curies":[{"name":"wp","href":"https:\/\/api.w.org\/{rel}","templated":true}]}}