{"id":52,"date":"2018-03-06T13:09:11","date_gmt":"2018-03-06T16:09:11","guid":{"rendered":"http:\/\/rabelo.org\/site\/?page_id=52"},"modified":"2018-08-02T16:28:30","modified_gmt":"2018-08-02T19:28:30","slug":"grupos-de-pesquisa","status":"publish","type":"page","link":"https:\/\/rafael.rabelo.org\/?page_id=52","title":{"rendered":"Grupos de Pesquisa"},"content":{"rendered":"<p>Atualmente, o Prof. Rafael Rabelo participa de dois grupos de pesquisa, vinculados ao Departamento de Administra\u00e7\u00e3o da Universidade de Bras\u00edlia, s\u00e3o eles:<\/p>\n<p><a href=\"http:\/\/gometaunb.blogspot.com.br\/\">GO META<\/a>: Grupo de Pesquisa em Opera\u00e7\u00f5es, Log\u00edstica e M\u00e9todos de Apoio \u00e0 Decis\u00e3o<\/p>\n<ul>\n<li>Linha de Pesquisa:\u00a0Opera\u00e7\u00f5es e Estrat\u00e9gias relativas a Tecnologias de Informa\u00e7\u00f5es e Comunica\u00e7\u00f5es para Organiza\u00e7\u00f5es.<\/li>\n<li><a href=\"http:\/\/dgp.cnpq.br\/dgp\/espelhogrupo\/7250812889463553\">Espelho do Grupo CNPQ<\/a><\/li>\n<\/ul>\n<p>GIJ: Gest\u00e3o e Inova\u00e7\u00e3o em Organiza\u00e7\u00f5es da Justi\u00e7a<\/p>\n<ul>\n<li>Linha de Pesquisa:\u00a0Governan\u00e7a e Desempenho em Organiza\u00e7\u00f5es da Justi\u00e7a<\/li>\n<li><a href=\"http:\/\/dgp.cnpq.br\/dgp\/espelhogrupo\/1822514441165927\">Espelho do Grupo CNPQ<\/a><\/li>\n<\/ul>\n","protected":false},"excerpt":{"rendered":"<p>Atualmente, o Prof. Rafael Rabelo participa de dois grupos de pesquisa, vinculados ao Departamento de Administra\u00e7\u00e3o da Universidade de Bras\u00edlia, s\u00e3o eles: GO META: Grupo de Pesquisa em Opera\u00e7\u00f5es, Log\u00edstica e M\u00e9todos de Apoio \u00e0 Decis\u00e3o Linha de Pesquisa:\u00a0Opera\u00e7\u00f5es e &hellip; <a href=\"https:\/\/rafael.rabelo.org\/?page_id=52\">Continue lendo <span class=\"meta-nav\">&rarr;<\/span><\/a><\/p>\n","protected":false},"author":1,"featured_media":0,"parent":0,"menu_order":0,"comment_status":"closed","ping_status":"closed","template":"","meta":{"footnotes":""},"class_list":["post-52","page","type-page","status-publish","hentry"],"_links":{"self":[{"href":"https:\/\/rafael.rabelo.org\/index.php?rest_route=\/wp\/v2\/pages\/52","targetHints":{"allow":["GET"]}}],"collection":[{"href":"https:\/\/rafael.rabelo.org\/index.php?rest_route=\/wp\/v2\/pages"}],"about":[{"href":"https:\/\/rafael.rabelo.org\/index.php?rest_route=\/wp\/v2\/types\/page"}],"author":[{"embeddable":true,"href":"https:\/\/rafael.rabelo.org\/index.php?rest_route=\/wp\/v2\/users\/1"}],"replies":[{"embeddable":true,"href":"https:\/\/rafael.rabelo.org\/index.php?rest_route=%2Fwp%2Fv2%2Fcomments&post=52"}],"version-history":[{"count":13,"href":"https:\/\/rafael.rabelo.org\/index.php?rest_route=\/wp\/v2\/pages\/52\/revisions"}],"predecessor-version":[{"id":172,"href":"https:\/\/rafael.rabelo.org\/index.php?rest_route=\/wp\/v2\/pages\/52\/revisions\/172"}],"wp:attachment":[{"href":"https:\/\/rafael.rabelo.org\/index.php?rest_route=%2Fwp%2Fv2%2Fmedia&parent=52"}],"curies":[{"name":"wp","href":"https:\/\/api.w.org\/{rel}","templated":true}]}}