{"id":6,"date":"2018-03-06T09:41:48","date_gmt":"2018-03-06T12:41:48","guid":{"rendered":"http:\/\/rabelo.org\/site\/?page_id=6"},"modified":"2018-03-06T11:12:50","modified_gmt":"2018-03-06T14:12:50","slug":"projetos","status":"publish","type":"page","link":"https:\/\/rafael.rabelo.org\/?page_id=6","title":{"rendered":"Projetos"},"content":{"rendered":"<p>Esses s\u00e3o os projetos em desenvolvimento.<\/p>\n<ul>\n<li>MyMCDA-C Decision<\/li>\n<li>Estudo do SEI (Sistema Eletr\u00f4nico de Informa\u00e7\u00f5es) e o impacto de fazer gest\u00e3o de processos sem modelar processos.\u200b<\/li>\n<li>Gest\u00e3o de Riscos: A gest\u00e3o de riscos como motor de busca do princ\u00edpio da efici\u00eancia da constitui\u00e7\u00e3o federal.<\/li>\n<li>\u00a0\u200b\u200bBPMS+Scrum: \u200bAutomatiza\u00e7\u00e3o de processos do Programa Empreender\u200b<\/li>\n<\/ul>\n<p>&nbsp;<\/p>\n","protected":false},"excerpt":{"rendered":"<p>Esses s\u00e3o os projetos em desenvolvimento. MyMCDA-C Decision Estudo do SEI (Sistema Eletr\u00f4nico de Informa\u00e7\u00f5es) e o impacto de fazer gest\u00e3o de processos sem modelar processos.\u200b Gest\u00e3o de Riscos: A gest\u00e3o de riscos como motor de busca do princ\u00edpio da &hellip; <a href=\"https:\/\/rafael.rabelo.org\/?page_id=6\">Continue lendo <span class=\"meta-nav\">&rarr;<\/span><\/a><\/p>\n","protected":false},"author":1,"featured_media":0,"parent":0,"menu_order":0,"comment_status":"closed","ping_status":"closed","template":"","meta":{"footnotes":""},"class_list":["post-6","page","type-page","status-publish","hentry"],"_links":{"self":[{"href":"https:\/\/rafael.rabelo.org\/index.php?rest_route=\/wp\/v2\/pages\/6","targetHints":{"allow":["GET"]}}],"collection":[{"href":"https:\/\/rafael.rabelo.org\/index.php?rest_route=\/wp\/v2\/pages"}],"about":[{"href":"https:\/\/rafael.rabelo.org\/index.php?rest_route=\/wp\/v2\/types\/page"}],"author":[{"embeddable":true,"href":"https:\/\/rafael.rabelo.org\/index.php?rest_route=\/wp\/v2\/users\/1"}],"replies":[{"embeddable":true,"href":"https:\/\/rafael.rabelo.org\/index.php?rest_route=%2Fwp%2Fv2%2Fcomments&post=6"}],"version-history":[{"count":4,"href":"https:\/\/rafael.rabelo.org\/index.php?rest_route=\/wp\/v2\/pages\/6\/revisions"}],"predecessor-version":[{"id":32,"href":"https:\/\/rafael.rabelo.org\/index.php?rest_route=\/wp\/v2\/pages\/6\/revisions\/32"}],"wp:attachment":[{"href":"https:\/\/rafael.rabelo.org\/index.php?rest_route=%2Fwp%2Fv2%2Fmedia&parent=6"}],"curies":[{"name":"wp","href":"https:\/\/api.w.org\/{rel}","templated":true}]}}