{"id":9,"date":"2018-03-06T09:42:12","date_gmt":"2018-03-06T12:42:12","guid":{"rendered":"http:\/\/rabelo.org\/site\/?page_id=9"},"modified":"2018-08-02T16:20:49","modified_gmt":"2018-08-02T19:20:49","slug":"softwares","status":"publish","type":"page","link":"https:\/\/rafael.rabelo.org\/?page_id=9","title":{"rendered":"Softwares"},"content":{"rendered":"<p>Software em desenvolvimento para m\u00e9todo de decis\u00e3o multicrit\u00e9rio (MCDA-C):<\/p>\n<ul>\n<li><a href=\"http:\/\/mcdac.rabelo.org\">MyMCDA-C:<\/a> Software de apoio para decis\u00e3o multicrit\u00e9rio. Software desenvolvido com apoio da FAP-DF.<\/li>\n<\/ul>\n<p>Softwares desenvolvidos para an\u00e1lise e projeto de antenas.<\/p>\n<ul>\n<li><a href=\"http:\/\/www2.ene.unb.br\/terada\/antennas\/index.html\">WebPRAC<\/a>: Software para an\u00e1lise e projeto de antenas parab\u00f3licas.<\/li>\n<li><a href=\"http:\/\/www2.ene.unb.br\/terada\/antennas\/index.html\">GRADMAX<\/a>: Software para an\u00e1lise, projeto e otimiza\u00e7\u00e3o de antenas de fio.<\/li>\n<\/ul>\n","protected":false},"excerpt":{"rendered":"<p>Software em desenvolvimento para m\u00e9todo de decis\u00e3o multicrit\u00e9rio (MCDA-C): MyMCDA-C: Software de apoio para decis\u00e3o multicrit\u00e9rio. Software desenvolvido com apoio da FAP-DF. Softwares desenvolvidos para an\u00e1lise e projeto de antenas. WebPRAC: Software para an\u00e1lise e projeto de antenas parab\u00f3licas. GRADMAX: &hellip; <a href=\"https:\/\/rafael.rabelo.org\/?page_id=9\">Continue lendo <span class=\"meta-nav\">&rarr;<\/span><\/a><\/p>\n","protected":false},"author":1,"featured_media":0,"parent":0,"menu_order":0,"comment_status":"closed","ping_status":"closed","template":"","meta":{"footnotes":""},"class_list":["post-9","page","type-page","status-publish","hentry"],"_links":{"self":[{"href":"https:\/\/rafael.rabelo.org\/index.php?rest_route=\/wp\/v2\/pages\/9","targetHints":{"allow":["GET"]}}],"collection":[{"href":"https:\/\/rafael.rabelo.org\/index.php?rest_route=\/wp\/v2\/pages"}],"about":[{"href":"https:\/\/rafael.rabelo.org\/index.php?rest_route=\/wp\/v2\/types\/page"}],"author":[{"embeddable":true,"href":"https:\/\/rafael.rabelo.org\/index.php?rest_route=\/wp\/v2\/users\/1"}],"replies":[{"embeddable":true,"href":"https:\/\/rafael.rabelo.org\/index.php?rest_route=%2Fwp%2Fv2%2Fcomments&post=9"}],"version-history":[{"count":6,"href":"https:\/\/rafael.rabelo.org\/index.php?rest_route=\/wp\/v2\/pages\/9\/revisions"}],"predecessor-version":[{"id":165,"href":"https:\/\/rafael.rabelo.org\/index.php?rest_route=\/wp\/v2\/pages\/9\/revisions\/165"}],"wp:attachment":[{"href":"https:\/\/rafael.rabelo.org\/index.php?rest_route=%2Fwp%2Fv2%2Fmedia&parent=9"}],"curies":[{"name":"wp","href":"https:\/\/api.w.org\/{rel}","templated":true}]}}